{"id":17,"date":"2016-02-12T08:09:36","date_gmt":"2016-02-12T08:09:36","guid":{"rendered":"http:\/\/demos.famethemes.com\/onepress-plus\/?page_id=17"},"modified":"2024-11-13T16:04:44","modified_gmt":"2024-11-13T16:04:44","slug":"notre-histoire","status":"publish","type":"page","link":"https:\/\/glopaca.com\/fr\/notre-histoire\/","title":{"rendered":"Notre histoire"},"content":{"rendered":"<p>Glopaca Paper and Board s'appuie sur l'h\u00e9ritage de la tradition commerciale n\u00e9erlandaise, qui a fa\u00e7onn\u00e9 le commerce international depuis les ann\u00e9es 1600.<br>Fond\u00e9e en 1999, Glopaca est devenue un leader dans les secteurs du papier et de l'emballage.<\/p>\n\n\n\n<p><\/p>","protected":false},"excerpt":{"rendered":"<p>Glopaca Paper and Board s'appuie sur l'h\u00e9ritage de la tradition commerciale hollandaise, qui a fa\u00e7onn\u00e9 le commerce international depuis les ann\u00e9es 1600. Fond\u00e9e en 1999, Glopaca est devenue un leader dans les secteurs du papier et de l'emballage.<\/p>","protected":false},"author":3,"featured_media":1554,"parent":0,"menu_order":0,"comment_status":"closed","ping_status":"closed","template":"","meta":{"footnotes":""},"class_list":["post-17","page","type-page","status-publish","has-post-thumbnail","hentry"],"_links":{"self":[{"href":"https:\/\/glopaca.com\/fr\/wp-json\/wp\/v2\/pages\/17","targetHints":{"allow":["GET"]}}],"collection":[{"href":"https:\/\/glopaca.com\/fr\/wp-json\/wp\/v2\/pages"}],"about":[{"href":"https:\/\/glopaca.com\/fr\/wp-json\/wp\/v2\/types\/page"}],"author":[{"embeddable":true,"href":"https:\/\/glopaca.com\/fr\/wp-json\/wp\/v2\/users\/3"}],"replies":[{"embeddable":true,"href":"https:\/\/glopaca.com\/fr\/wp-json\/wp\/v2\/comments?post=17"}],"version-history":[{"count":13,"href":"https:\/\/glopaca.com\/fr\/wp-json\/wp\/v2\/pages\/17\/revisions"}],"predecessor-version":[{"id":1517,"href":"https:\/\/glopaca.com\/fr\/wp-json\/wp\/v2\/pages\/17\/revisions\/1517"}],"wp:featuredmedia":[{"embeddable":true,"href":"https:\/\/glopaca.com\/fr\/wp-json\/wp\/v2\/media\/1554"}],"wp:attachment":[{"href":"https:\/\/glopaca.com\/fr\/wp-json\/wp\/v2\/media?parent=17"}],"curies":[{"name":"wp","href":"https:\/\/api.w.org\/{rel}","templated":true}]}}